{"id":125,"date":"2011-10-20T13:23:50","date_gmt":"2011-10-20T13:23:50","guid":{"rendered":"http:\/\/www.darmprobleme.at\/www\/?page_id=125"},"modified":"2019-11-20T10:43:25","modified_gmt":"2019-11-20T09:43:25","slug":"impressum","status":"publish","type":"page","link":"https:\/\/www.darmprobleme.at\/www\/impressum\/","title":{"rendered":"Impressum"},"content":{"rendered":"<div style=\"position: relative; margin-left: 200px; width: 500px;\">\n<table class=\"ft3\" border=\"0\" width=\"400\" cellspacing=\"2\" cellpadding=\"0\">\n<tbody>\n<tr>\n<td>Medieninhaberin:<\/td>\n<td>Ulrike Kaiser<\/td>\n<\/tr>\n<tr>\n<td>Adresse<\/td>\n<td>Praterstra\u00dfe 38\/1\/14<\/td>\n<\/tr>\n<tr>\n<td><\/td>\n<td>1020 Wien<\/td>\n<\/tr>\n<tr>\n<td><\/td>\n<td><\/td>\n<\/tr>\n<tr>\n<td>Telefon:<\/td>\n<td>0699 11 33 8493<\/td>\n<\/tr>\n<tr>\n<td>E-Mail:<\/td>\n<td><a href=\"mailto:info@darmprobleme.at\">info@darmprobleme.at<\/a><\/td>\n<\/tr>\n<tr>\n<td>Web:<\/td>\n<td><a href=\"http:\/\/www.darmprobleme.at\">www.darmprobleme.at<\/a><\/td>\n<\/tr>\n<tr>\n<td><\/td>\n<td><\/td>\n<\/tr>\n<tr>\n<td><\/td>\n<td><\/td>\n<\/tr>\n<tr>\n<td>Webdesign und Webprogrammierung<\/td>\n<td valign=\"top\"><a href=\"http:\/\/www.foryourinfo.eu\">www.foryourinfo.eu<\/a><\/td>\n<\/tr>\n<\/tbody>\n<\/table>\n<\/div>\n<h1 class=\"western\">Datenschutzerkl\u00e4rung<\/h1>\n<h2 class=\"western\">Datenschutz<\/h2>\n<p>Wir haben diese Datenschutzerkl\u00e4rung (Fassung 28.02.2019-211087881) verfasst, um Ihnen gem\u00e4\u00df der Vorgaben der Datenschutz-Grundverordnung (EU) 2016\/679 und dem <a href=\"https:\/\/www.ris.bka.gv.at\/GeltendeFassung.wxe?Abfrage=Bundesnormen&amp;Gesetzesnummer=10001597&amp;tid=211087881\" target=\"_blank\" rel=\"noopener noreferrer\">Datenschutzgesetz (DSG)<\/a> zu erkl\u00e4ren, welche Informationen wir sammeln, wie wir Daten verwenden und welche Entscheidungsm\u00f6glichkeiten Sie als Besucher dieser Webseite haben.<\/p>\n<p>Leider liegt es in der Natur der Sache, dass diese Erkl\u00e4rungen sehr technisch klingen, wir haben uns bei der Erstellung jedoch bem\u00fcht die wichtigsten Dinge so einfach und klar wie m\u00f6glich zu beschreiben.<\/p>\n<h2 class=\"western\">Automatische Datenspeicherung<\/h2>\n<p>Wenn Sie heutzutage Webseiten besuchen, werden gewisse Informationen automatisch erstellt und gespeichert, so auch auf dieser Webseite.<\/p>\n<p>Wenn Sie unsere Webseite so wie jetzt gerade besuchen, speichert unser Webserver (Computer auf dem diese Webseite gespeichert ist) automatisch Daten wie<\/p>\n<ul>\n<li>die Adresse (URL) der aufgerufenen Webseite<\/li>\n<li>Browser und Browserversion<\/li>\n<li>das verwendete Betriebssystem<\/li>\n<li>die Adresse (URL) der zuvor besuchten Seite (Referrer URL)<\/li>\n<li>den Hostname und die IP-Adresse des Ger\u00e4ts von welchem aus zugegriffen wird<\/li>\n<li>Datum und Uhrzeit<\/li>\n<\/ul>\n<p>in Dateien (Webserver-Logfiles).<\/p>\n<p>In der Regel werden Webserver-Logfiles zwei Wochen gespeichert und danach automatisch gel\u00f6scht. Wir geben diese Daten nicht weiter, k\u00f6nnen jedoch nicht ausschlie\u00dfen, dass diese Daten beim Vorliegen von rechtswidrigem Verhalten eingesehen werden.<br \/>\nDie Rechtsgrundlage besteht nach <a href=\"https:\/\/eur-lex.europa.eu\/legal-content\/DE\/TXT\/HTML\/?uri=CELEX:32016R0679&amp;from=DE&amp;tid=211087881\" target=\"_blank\" rel=\"noopener noreferrer\">Artikel 6\u00a0 Absatz 1 f DSGVO<\/a> (Rechtm\u00e4\u00dfigkeit der Verarbeitung) darin, dass berechtigtes Interesse daran besteht, den fehlerfreien Betrieb dieser Webseite durch das Erfassen von Webserver-Logfiles zu erm\u00f6glichen.<\/p>\n<h2 class=\"western\">Rechte laut Datenschutzgrundverordnung<\/h2>\n<p>Ihnen stehen laut den Bestimmungen der DSGVO und des \u00f6sterreichischen <a href=\"https:\/\/www.ris.bka.gv.at\/GeltendeFassung.wxe?Abfrage=Bundesnormen&amp;Gesetzesnummer=10001597&amp;tid=211087881\" target=\"_blank\" rel=\"noopener noreferrer\">Datenschutzgesetzes (DSG)<\/a> grunds\u00e4tzlich die folgende Rechte zu:<\/p>\n<ul>\n<li>Recht auf Berichtung (Artikel 16 DSGVO)<\/li>\n<li>Recht auf L\u00f6schung (\u201eRecht auf Vergessenwerden\u201c) (Artikel 17 DSGVO)<\/li>\n<li>Recht auf Einschr\u00e4nkung der Verarbeitung (Artikel 18 DSGVO)<\/li>\n<li>Recht auf Benachrichtigung \u2013 Mitteilungspflicht im Zusammenhang mit der Berichtigung oder L\u00f6schung personenbezogener Daten oder der Einschr\u00e4nkung der Verarbeitung (Artikel 19 DSGVO)<\/li>\n<li>Recht auf Daten\u00fcbertragbarkeit (Artikel 20 DSGVO)<\/li>\n<li>Widerspruchsrecht (Artikel 21 DSGVO)<\/li>\n<li>Recht, nicht einer ausschlie\u00dflich auf einer automatisierten Verarbeitung \u2014 einschlie\u00dflich Profiling \u2014 beruhenden Entscheidung unterworfen zu werden (Artikel 22 DSGVO)<\/li>\n<\/ul>\n<p>Wenn Sie glauben, dass die Verarbeitung Ihrer Daten gegen das Datenschutzrecht verst\u00f6\u00dft oder Ihre datenschutzrechtlichen Anspr\u00fcche sonst in einer Weise verletzt worden sind, k\u00f6nnen Sie sich bei der Aufsichtsbeh\u00f6rde beschweren, welche in \u00d6sterreich die Datenschutzbeh\u00f6rde ist, deren Webseite Sie unter <a href=\"https:\/\/www.dsb.gv.at\/?tid=211087881\">https:\/\/www.dsb.gv.at\/<\/a> finden.<\/p>\n<h2 class=\"western\">Auswertung des Besucherverhaltens<\/h2>\n<p>In der folgenden Datenschutzerkl\u00e4rung informieren wir Sie dar\u00fcber, ob und wie wir Daten Ihres Besuchs dieser Website auswerten. Die Auswertung der gesammelten Daten erfolgt in der Regel anonym und wir k\u00f6nnen von Ihrem Verhalten auf dieser Website nicht auf Ihre Person schlie\u00dfen.<\/p>\n<p>Mehr \u00fcber M\u00f6glichkeiten dieser Auswertung der Besuchsdaten zu widersprechen erfahren Sie in der folgenden Datenschutzerkl\u00e4rung.<\/p>\n<h2 class=\"western\">TLS-Verschl\u00fcsselung mit https<\/h2>\n<p>Wir verwenden https um Daten abh\u00f6rsicher im Internet zu \u00fcbertragen (Datenschutz durch Technikgestaltung <a href=\"https:\/\/eur-lex.europa.eu\/legal-content\/DE\/TXT\/HTML\/?uri=CELEX:32016R0679&amp;from=DE&amp;tid=211087881\" target=\"_blank\" rel=\"noopener noreferrer\">Artikel 25 Absatz 1 DSGVO<\/a>). Durch den Einsatz von TLS (Transport Layer Security), einem Verschl\u00fcsselungsprotokoll zur sicheren Daten\u00fcbertragung im Internet k\u00f6nnen wir den Schutz vertraulicher Daten sicherstellen. Sie erkennen die Benutzung dieser Absicherung der Daten\u00fcbertragung am kleinen Schlosssymbol links oben im Browser und der Verwendung des Schemas https (anstatt http) als Teil unserer Internetadresse.<\/p>\n<h2 class=\"western\">Cookies<\/h2>\n<p>Unsere Website verwendet HTTP-Cookies um nutzerspezifische Daten zu speichern.<br \/>\nEin Cookie ist ein kurzes Datenpaket, welches zwischen Webbrowser und Webserver ausgetauscht wird, f\u00fcr diese aber v\u00f6llig bedeutungslos ist und erst f\u00fcr die Webanwendung, z. B. einen Online-Shop, eine Bedeutung erh\u00e4lt, etwa den Inhalt eines virtuellen Warenkorbes.<\/p>\n<p>Es gibt zwei Arten von Cookies: Erstanbieter-Cookies werden von unserer Website erstellt, Drittanbieter-Cookies werden von anderen Websites (z. B. Google Analytics) erstellt.<br \/>\nBeispielhafte Cookiedaten:<\/p>\n<ul>\n<li>Name: _ga<\/li>\n<li>Ablaufzeit: 2 Jahre<\/li>\n<li>Verwendung: Unterscheidung der Webseitenbesucher<\/li>\n<li>Beispielhafter Wert:\u00a0GA1.2.1326744211.152211087881<\/li>\n<\/ul>\n<p>Man unterscheidet drei Kategorien von Cookies: unbedingt notwendige Cookies um grundlegende Funktionen der Website sicherzustellen, funktionelle Cookies um die Leistung der Webseite sicherzustellen und zielorientierte Cookies um das Benutzererlebnis zu verbessern.<\/p>\n<p>Wir nutzen Cookies, um unsere Webseite nutzerfreundlicher zu gestalten. Einige Cookies bleiben auf Ihrem Endger\u00e4t gespeichert, bis Sie diese l\u00f6schen. Sie erm\u00f6glichen es uns, Ihren Browser beim n\u00e4chsten Besuch wiederzuerkennen.<\/p>\n<h3 class=\"western\">Cookie Einstellungen sehen und Cookies l\u00f6schen<\/h3>\n<p>Wenn Sie feststellen m\u00f6chten, welche Cookies in Ihrem Browser gespeichert wurden, Cookie-Einstellungen \u00e4ndern oder Cookies l\u00f6schen m\u00f6chten, k\u00f6nnen Sie dies in Ihren Browser-Einstellungen finden:<\/p>\n<ul>\n<li><a href=\"https:\/\/support.apple.com\/de-at\/guide\/safari\/sfri11471\/mac?tid=211087881\" target=\"_blank\" rel=\"noopener noreferrer\">Safari: Verwalten von Cookies und Websitedaten mit Safari<\/a><\/li>\n<li><a href=\"https:\/\/support.mozilla.org\/de\/kb\/cookies-loeschen-daten-von-websites-entfernen\" target=\"_blank\" rel=\"noopener noreferrer\">Firefox: Cookies l\u00f6schen, um Daten zu entfernen, die Websites auf Ihrem Computer abgelegt haben<\/a><\/li>\n<li><a href=\"https:\/\/support.google.com\/chrome\/answer\/95647?co=GENIE.Platform%3DDesktop&amp;hl=de\" target=\"_blank\" rel=\"noopener noreferrer\">Chrome: Cookies in Chrome l\u00f6schen, aktivieren und verwalten<\/a><\/li>\n<li><a href=\"https:\/\/support.microsoft.com\/de-at\/help\/17442\/windows-internet-explorer-delete-manage-cookies\" target=\"_blank\" rel=\"noopener noreferrer\">Internet Explorer: L\u00f6schen und Verwalten von Cookies<\/a><\/li>\n<\/ul>\n<p>Wenn Sie die Speicherung von Daten in Cookies nicht w\u00fcnschen, so k\u00f6nnen Sie Ihren Browser so einrichten, dass er Sie \u00fcber das Setzen von Cookies informiert und Sie dies nur im Einzelfall erlauben.\u00a0Sie k\u00f6nnen jederzeit Cookies, die sich bereits auf Ihrem Computer befinden, l\u00f6schen oder Cookies deaktivieren. Die Vorgangsweise dazu ist nach Browser unterschiedlich, am besten Sie suchen die Anleitung in Google mit dem Suchbegriff \u201cCookies l\u00f6schen Chrome\u201d oder \u201eCookies deaktivieren Chrome\u201c im Falle eines Chrome Browsers oder tauschen das Wort \u201eChrome\u201c gegen den Namen Ihres Browsers, z. B. Edge, Firefox, Safari aus.<br \/>\nWenn Sie uns generell nicht gestatten, Cookies zu nutzen, d.h. diese per Browsereinstellung deaktivieren, k\u00f6nnen manche Funktionen und Seiten nicht wie erwartet funktionieren.<\/p>\n<h2 class=\"western\">Google Fonts Datenschutzerkl\u00e4rung<\/h2>\n<p>Wir verwenden Google Fonts der Firma Google Inc. (1600 Amphitheatre Parkway Mountain View, CA 94043, USA) auf unserer Webseite. Die Verwendung von Google Fonts erfolgt ohne Authentisierung und es werden keine Cookies an die Google Fonts API gesendet. Sollten Sie ein Konto bei Google haben, werden keine Ihrer Google-Kontodaten an Google w\u00e4hrend der Nutzung von Google Fonts \u00fcbermittelt. Google erfasst lediglich die Nutzung von CSS und der verwendeten Fonts und speichert diese Daten sicher. Mehr zu diesen und weiteren Fragen finden Sie auf <a href=\"https:\/\/developers.google.com\/fonts\/faq\">https:\/\/developers.google.com\/fonts\/faq?tid=211087881<\/a>.<\/p>\n<p>Welche Daten von Google erfasst werden und wof\u00fcr diese Daten verwendet werden, k\u00f6nnen Sie auf <a href=\"https:\/\/www.google.com\/intl\/de\/policies\/privacy\/\">https:\/\/www.google.com\/intl\/de\/policies\/privacy\/<\/a> nachlesen.<\/p>\n<h2 class=\"western\">Google Analytics Datenschutzerkl\u00e4rung<\/h2>\n<p>Wir verwenden auf dieser Website Google Analytics der Firma Google LLC (1600 Amphitheatre Parkway Mountain View, CA 94043, USA) um Besucherdaten statistisch auszuwerten. Dabei verwendet Google Analytics zielorientierte Cookies.<\/p>\n<h3 class=\"western\">Cookies von Google Analytics<\/h3>\n<ul>\n<li>_ga\n<ul>\n<li>Ablaufzeit: 2 Jahre<\/li>\n<li>Verwendung: Unterscheidung der Webseitenbesucher<\/li>\n<li>Beispielhafter Wert:\u00a0GA1.2.1326744211.152211087881<\/li>\n<\/ul>\n<\/li>\n<li>_gid\n<ul>\n<li>Ablaufzeit: 24 Stunden<\/li>\n<li>Verwendung: Unterscheidung der Webseitenbesucher<\/li>\n<li>Beispielhafter Wert: GA1.2.1687193234.152211087881<\/li>\n<\/ul>\n<\/li>\n<li>_gat_gtag_UA_\n<ul>\n<li>Ablaufzeit: 1 Minute<\/li>\n<li>Verwendung:\u00a0Wird zum Drosseln der Anforderungsrate verwendet. Wenn Google Analytics \u00fcber den Google Tag Manager bereitgestellt wird, erh\u00e4lt dieser Cookie den Namen _dc_gtm_ .<\/li>\n<li>Beispielhafter Wert: 1<\/li>\n<\/ul>\n<\/li>\n<\/ul>\n<p>N\u00e4here Informationen zu Nutzungsbedingungen und Datenschutz finden Sie unter <a href=\"http:\/\/www.google.com\/analytics\/terms\/de.html\">http:\/\/www.google.com\/analytics\/terms\/de.html<\/a> bzw. unter <a href=\"https:\/\/support.google.com\/analytics\/answer\/6004245?hl=de\">https:\/\/support.google.com\/analytics\/answer\/6004245?hl=de<\/a>.<\/p>\n<h3 class=\"western\">Pseudonymisierung<\/h3>\n<p>Unser Anliegen im Sinne der DSGVO ist die Verbesserung unseres Angebotes und unseres Webauftritts. Da uns die Privatsph\u00e4re unserer Nutzer wichtig ist, werden die Nutzerdaten pseudonymisiert.\u00a0Die Datenverarbeitung erfolgt auf Basis der gesetzlichen Bestimmungen des \u00a7 96 Abs 3 TKG sowie des Art 6 EU-DSGVO Abs 1 lit a (Einwilligung) und\/oder f (berechtigtes Interesse) der DSGVO.<\/p>\n<h3 class=\"western\">Deaktivierung der Datenerfassung durch Google Analytics<\/h3>\n<p>Mithilfe des <strong>Browser-Add-ons zur Deaktivierung<\/strong> von Google Analytics-JavaScript (ga.js, analytics.js, dc.js) k\u00f6nnen Website-Besucher verhindern, dass Google Analytics ihre Daten verwendet.<\/p>\n<p>Sie k\u00f6nnen die Erfassung der durch das Cookie erzeugten und auf Ihre Nutzung der Website bezogenen Daten an Google sowie die Verarbeitung dieser Daten durch Google verhindern, indem Sie das unter dem folgenden Link verf\u00fcgbare Browser-Plugin herunterladen und installieren: <a href=\"https:\/\/tools.google.com\/dlpage\/gaoptout?hl=de\">https:\/\/tools.google.com\/dlpage\/gaoptout?hl=de<\/a><\/p>\n<h2 class=\"western\">Google Analytics Zusatz zur Datenverarbeitung<\/h2>\n<p>Wir haben mit Google einen Direktkundenvertrag zur Verwendung von Google Analytics abgeschlossen, indem wir den \u201cZusatz zur Datenverarbeitung\u201d in Google Analytics akzeptiert haben.<\/p>\n<p>Mehr \u00fcber den Zusatz zur Datenverarbeitung f\u00fcr Google Analytics finden Sie hier: <a href=\"https:\/\/support.google.com\/analytics\/answer\/3379636?hl=de&amp;utm_id=ad\" target=\"_blank\" rel=\"noopener noreferrer\">https:\/\/support.google.com\/analytics\/answer\/3379636?hl=de&amp;utm_id=ad<\/a><\/p>\n<h2 class=\"western\">Google Analytics Berichte zu demografischen Merkmalen und Interessen<\/h2>\n<p>Wir haben in Google Analytics die Funktionen f\u00fcr Werbeberichte eingeschaltet. Die Berichte zu demografischen Merkmalen und Interessen enthalten Angaben zu Alter, Geschlecht und Interessen. Damit k\u00f6nnen wir uns \u2013 ohne diese Daten einzelnen Personen zuordnen zu k\u00f6nnen \u2013 ein besseres Bild von unseren Nutzern machen. Mehr \u00fcber die Werbefunktionen erfahren Sie <a href=\"https:\/\/support.google.com\/analytics\/answer\/3450482?hl=de_AT&amp;utm_id=ad\" target=\"_blank\" rel=\"noopener noreferrer\">auf\u00a0https:\/\/support.google.com\/analytics\/answer\/3450482?hl=de_AT&amp;utm_id=ad<\/a>.<\/p>\n<p>Sie k\u00f6nnen die Nutzung der Aktivit\u00e4ten und Informationen Ihres Google Kontos unter \u201cEinstellungen f\u00fcr Werbung\u201d auf <a href=\"https:\/\/adssettings.google.com\/authenticated\">https:\/\/adssettings.google.com\/authenticated<\/a> per Checkbox beenden.<\/p>\n<h2 class=\"western\">Google Analytics IP-Anonymisierung<\/h2>\n<p>Wir haben auf dieser Webseite die IP-Adressen-Anonymisierung von Google Analytics implementiert.\u00a0Diese Funktion wurde von Google entwickelt, damit diese Webseite die geltenden Datenschutzbestimmungen und Empfehlungen der lokalen Datenschutzbeh\u00f6rden einhalten kann, wenn diese eine Speicherung der vollst\u00e4ndigen IP-Adresse untersagen. Die Anonymisierung bzw. Maskierung der IP findet statt, sobald die IP-Adressen im Google Analytics-Datenerfassungsnetzwerk eintreffen und bevor eine Speicherung oder Verarbeitung der Daten stattfindet.<\/p>\n<p>Mehr Informationen zur IP-Anonymisierung finden Sie auf\u00a0<a href=\"https:\/\/support.google.com\/analytics\/answer\/2763052?hl=de\" target=\"_blank\" rel=\"noopener noreferrer\">https:\/\/support.google.com\/analytics\/answer\/2763052?hl=de<\/a>.<\/p>\n<h2 class=\"western\">Google Analytics Deaktivierungslink<\/h2>\n<p>Wenn Sie auf folgenden <strong>Deaktivierungslink<\/strong> klicken, k\u00f6nnen Sie verhindern, dass Google weitere Besuche auf dieser Webseite erfasst. Achtung: Das L\u00f6schen von Cookies, die Nutzung des Inkognito\/Privatmodus ihres Browsers, oder die Nutzung eines anderen Browsers f\u00fchrt dazu, dass wieder Daten erhoben werden.<\/p>\n<p><a>Google Analytics deaktivieren<\/a><\/p>\n<h2 class=\"western\">Google AdSense Datenschutzerkl\u00e4rung<\/h2>\n<p>Wir verwenden auf diese Webseite Google AdSense, dem Anzeigenprogramm der Firma Google Inc. (1600 Amphitheatre Parkway Mountain View, CA 94043, USA).<\/p>\n<p>Dabei werden Daten zu den angezeigten Werbemitteln und Ihre IP-Adresse m\u00f6glicherweise an Server in die USA \u00fcbermittelt und dort ausgewertet.<\/p>\n<p>In AdSense sollen Cookies bessere Werbung erm\u00f6glichen, die Cookies enthalten keine personalisierten Daten. Google AdSense sendet nach jeder Impression, jedem Klick und jeder anderen Aktivit\u00e4t, die zu einem Aufruf der Google Adsense-Server f\u00fchrt, ein Cookie an den Browser. Wenn der Browser das Cookie akzeptiert, wird es dort gespeichert.<\/p>\n<p>Drittanbieter k\u00f6nnen im Rahmen von AdSense unter Umst\u00e4nden Cookies in Ihrem Browser platzieren und auslesen bzw. Web-Beacons verwenden, um Daten zu speichern, die sie durch die Anzeigenbereitstellung auf der Website erhalten. Web Beacons sind kleine Grafiken, die eine Logdatei-Aufzeichnung und eine Logdateianalyse erm\u00f6glichen, die f\u00fcr statistische Auswertungen f\u00fcr das Online-Marketing verwendet werden.<\/p>\n<h3 class=\"western\">Cookies deaktivieren<\/h3>\n<p>Sie k\u00f6nnen jederzeit Cookies, die sich bereits auf Ihrem Computer befinden, l\u00f6schen oder Cookies deaktivieren. Die Vorgangsweise dazu ist nach Browser unterschiedlich, am besten Sie suchen die Anleitung in Google mit dem Suchbegriff \u201ccookies l\u00f6schen chrome\u201d oder \u201ccookies deaktivieren chrome\u201d im Falle eines Chrome Browsers oder tauschen das Wort \u201cchrome\u201d gegen den Namen Ihres Browsers, z. B. edge, firefox, safari aus.<\/p>\n<p>Wenn Sie uns generell nicht gestatten, Cookies zu nutzen, d.h. diese per Browsereinstellung deaktivieren, k\u00f6nnen manche \u00a0Funktionen und Seiten nicht wie erwartet funktionieren.<\/p>\n<h3 class=\"western\">Personalisierte Werbung deaktivieren<\/h3>\n<p>Wenn Sie ein Google Konto haben, k\u00f6nnen Sie auf der Seite <a href=\"https:\/\/adssettings.google.com\/authenticated\">https:\/\/adssettings.google.com\/authenticated<\/a> personalisierte Werbung deaktivieren. Auch im Falle der Deaktivierung der Personalisierung von Anzeigen sehen Sie m\u00f6glicherweise weiterhin Anzeigen auf der Grundlage von Faktoren wie Ihrem ungef\u00e4hren Standort, der aus Ihrer IP-Adresse abgeleitet wird, dem Browsertyp sowie den k\u00fcrzlich verwendeten Suchbegriffen.<\/p>\n<p>Welche Daten von Google erfasst werden und wof\u00fcr diese Daten verwendet werden, k\u00f6nnen Sie auf <a href=\"https:\/\/www.google.com\/intl\/de\/policies\/privacy\/\">https:\/\/www.google.com\/intl\/de\/policies\/privacy\/<\/a> nachlesen.<\/p>\n<p>Quelle: Erstellt\u00a0mit dem\u00a0<a href=\"https:\/\/www.firmenwebseiten.at\/datenschutz-generator\/\" target=\"_blank\" rel=\"noopener noreferrer\">Datenschutz Generator von firmenwebseiten.at<\/a>\u00a0in Kooperation mit <a href=\"https:\/\/www.testfeuer.at\/\" target=\"_blank\" rel=\"noopener noreferrer\">testfeuer.at<\/a><\/p>\n","protected":false},"excerpt":{"rendered":"<p>Medieninhaberin: Ulrike Kaiser Adresse Praterstra\u00dfe 38\/1\/14 1020 Wien Telefon: 0699 11 33 8493 E-Mail: info@darmprobleme.at Web: www.darmprobleme.at Webdesign und Webprogrammierung www.foryourinfo.eu Datenschutzerkl\u00e4rung Datenschutz Wir haben diese Datenschutzerkl\u00e4rung (Fassung 28.02.2019-211087881) verfasst, um Ihnen gem\u00e4\u00df der Vorgaben der Datenschutz-Grundverordnung (EU) 2016\/679 und dem Datenschutzgesetz (DSG) zu erkl\u00e4ren, welche Informationen wir sammeln, wie wir Daten verwenden und welche Entscheidungsm\u00f6glichkeiten Sie als Besucher dieser &#8230;<\/p>\n","protected":false},"author":2,"featured_media":0,"parent":0,"menu_order":6,"comment_status":"open","ping_status":"open","template":"","meta":{"footnotes":""},"class_list":["post-125","page","type-page","status-publish","hentry"],"yoast_head":"<!-- This site is optimized with the Yoast SEO plugin v26.3 - https:\/\/yoast.com\/wordpress\/plugins\/seo\/ -->\n<title>ColonHydroTherapie Wien - BHZ Praterstrasse<\/title>\n<meta name=\"robots\" content=\"index, follow, max-snippet:-1, max-image-preview:large, max-video-preview:-1\" \/>\n<link rel=\"canonical\" href=\"https:\/\/www.darmprobleme.at\/www\/impressum\/\" \/>\n<meta property=\"og:locale\" content=\"de_DE\" \/>\n<meta property=\"og:type\" content=\"article\" \/>\n<meta property=\"og:title\" content=\"ColonHydroTherapie Wien - BHZ Praterstrasse\" \/>\n<meta property=\"og:description\" content=\"Medieninhaberin: Ulrike Kaiser Adresse Praterstra\u00dfe 38\/1\/14 1020 Wien Telefon: 0699 11 33 8493 E-Mail: info@darmprobleme.at Web: www.darmprobleme.at Webdesign und Webprogrammierung www.foryourinfo.eu Datenschutzerkl\u00e4rung Datenschutz Wir haben diese Datenschutzerkl\u00e4rung (Fassung 28.02.2019-211087881) verfasst, um Ihnen gem\u00e4\u00df der Vorgaben der Datenschutz-Grundverordnung (EU) 2016\/679 und dem Datenschutzgesetz (DSG) zu erkl\u00e4ren, welche Informationen wir sammeln, wie wir Daten verwenden und welche Entscheidungsm\u00f6glichkeiten Sie als Besucher dieser ...\" \/>\n<meta property=\"og:url\" content=\"https:\/\/www.darmprobleme.at\/www\/impressum\/\" \/>\n<meta property=\"og:site_name\" content=\"ColonHydroTherapie - Behandlungszentrum - Praterstrasse 28\" \/>\n<meta property=\"article:modified_time\" content=\"2019-11-20T09:43:25+00:00\" \/>\n<meta name=\"twitter:label1\" content=\"Gesch\u00e4tzte Lesezeit\" \/>\n\t<meta name=\"twitter:data1\" content=\"9\u00a0Minuten\" \/>\n<script type=\"application\/ld+json\" class=\"yoast-schema-graph\">{\"@context\":\"https:\/\/schema.org\",\"@graph\":[{\"@type\":\"WebPage\",\"@id\":\"https:\/\/www.darmprobleme.at\/www\/impressum\/\",\"url\":\"https:\/\/www.darmprobleme.at\/www\/impressum\/\",\"name\":\"ColonHydroTherapie Wien - BHZ Praterstrasse\",\"isPartOf\":{\"@id\":\"https:\/\/www.darmprobleme.at\/www\/#website\"},\"datePublished\":\"2011-10-20T13:23:50+00:00\",\"dateModified\":\"2019-11-20T09:43:25+00:00\",\"inLanguage\":\"de\",\"potentialAction\":[{\"@type\":\"ReadAction\",\"target\":[\"https:\/\/www.darmprobleme.at\/www\/impressum\/\"]}]},{\"@type\":\"WebSite\",\"@id\":\"https:\/\/www.darmprobleme.at\/www\/#website\",\"url\":\"https:\/\/www.darmprobleme.at\/www\/\",\"name\":\"ColonHydroTherapie - Behandlungszentrum - Praterstrasse 28\",\"description\":\"Colon Hydro Therapie\",\"potentialAction\":[{\"@type\":\"SearchAction\",\"target\":{\"@type\":\"EntryPoint\",\"urlTemplate\":\"https:\/\/www.darmprobleme.at\/www\/?s={search_term_string}\"},\"query-input\":{\"@type\":\"PropertyValueSpecification\",\"valueRequired\":true,\"valueName\":\"search_term_string\"}}],\"inLanguage\":\"de\"}]}<\/script>\n<!-- \/ Yoast SEO plugin. -->","yoast_head_json":{"title":"ColonHydroTherapie Wien - BHZ Praterstrasse","robots":{"index":"index","follow":"follow","max-snippet":"max-snippet:-1","max-image-preview":"max-image-preview:large","max-video-preview":"max-video-preview:-1"},"canonical":"https:\/\/www.darmprobleme.at\/www\/impressum\/","og_locale":"de_DE","og_type":"article","og_title":"ColonHydroTherapie Wien - BHZ Praterstrasse","og_description":"Medieninhaberin: Ulrike Kaiser Adresse Praterstra\u00dfe 38\/1\/14 1020 Wien Telefon: 0699 11 33 8493 E-Mail: info@darmprobleme.at Web: www.darmprobleme.at Webdesign und Webprogrammierung www.foryourinfo.eu Datenschutzerkl\u00e4rung Datenschutz Wir haben diese Datenschutzerkl\u00e4rung (Fassung 28.02.2019-211087881) verfasst, um Ihnen gem\u00e4\u00df der Vorgaben der Datenschutz-Grundverordnung (EU) 2016\/679 und dem Datenschutzgesetz (DSG) zu erkl\u00e4ren, welche Informationen wir sammeln, wie wir Daten verwenden und welche Entscheidungsm\u00f6glichkeiten Sie als Besucher dieser ...","og_url":"https:\/\/www.darmprobleme.at\/www\/impressum\/","og_site_name":"ColonHydroTherapie - Behandlungszentrum - Praterstrasse 28","article_modified_time":"2019-11-20T09:43:25+00:00","twitter_misc":{"Gesch\u00e4tzte Lesezeit":"9\u00a0Minuten"},"schema":{"@context":"https:\/\/schema.org","@graph":[{"@type":"WebPage","@id":"https:\/\/www.darmprobleme.at\/www\/impressum\/","url":"https:\/\/www.darmprobleme.at\/www\/impressum\/","name":"ColonHydroTherapie Wien - BHZ Praterstrasse","isPartOf":{"@id":"https:\/\/www.darmprobleme.at\/www\/#website"},"datePublished":"2011-10-20T13:23:50+00:00","dateModified":"2019-11-20T09:43:25+00:00","inLanguage":"de","potentialAction":[{"@type":"ReadAction","target":["https:\/\/www.darmprobleme.at\/www\/impressum\/"]}]},{"@type":"WebSite","@id":"https:\/\/www.darmprobleme.at\/www\/#website","url":"https:\/\/www.darmprobleme.at\/www\/","name":"ColonHydroTherapie - Behandlungszentrum - Praterstrasse 28","description":"Colon Hydro Therapie","potentialAction":[{"@type":"SearchAction","target":{"@type":"EntryPoint","urlTemplate":"https:\/\/www.darmprobleme.at\/www\/?s={search_term_string}"},"query-input":{"@type":"PropertyValueSpecification","valueRequired":true,"valueName":"search_term_string"}}],"inLanguage":"de"}]}},"_links":{"self":[{"href":"https:\/\/www.darmprobleme.at\/www\/wp-json\/wp\/v2\/pages\/125","targetHints":{"allow":["GET"]}}],"collection":[{"href":"https:\/\/www.darmprobleme.at\/www\/wp-json\/wp\/v2\/pages"}],"about":[{"href":"https:\/\/www.darmprobleme.at\/www\/wp-json\/wp\/v2\/types\/page"}],"author":[{"embeddable":true,"href":"https:\/\/www.darmprobleme.at\/www\/wp-json\/wp\/v2\/users\/2"}],"replies":[{"embeddable":true,"href":"https:\/\/www.darmprobleme.at\/www\/wp-json\/wp\/v2\/comments?post=125"}],"version-history":[{"count":13,"href":"https:\/\/www.darmprobleme.at\/www\/wp-json\/wp\/v2\/pages\/125\/revisions"}],"predecessor-version":[{"id":319,"href":"https:\/\/www.darmprobleme.at\/www\/wp-json\/wp\/v2\/pages\/125\/revisions\/319"}],"wp:attachment":[{"href":"https:\/\/www.darmprobleme.at\/www\/wp-json\/wp\/v2\/media?parent=125"}],"curies":[{"name":"wp","href":"https:\/\/api.w.org\/{rel}","templated":true}]}}